{"id":25731,"date":"2023-09-22T14:41:53","date_gmt":"2023-09-22T14:41:53","guid":{"rendered":"https:\/\/palvia.fi\/?page_id=25731"},"modified":"2026-03-14T13:13:22","modified_gmt":"2026-03-14T13:13:22","slug":"introduction","status":"publish","type":"page","link":"https:\/\/palvia.fi\/de\/introduction\/","title":{"rendered":"Einf\u00fchrung"},"content":{"rendered":"<div data-elementor-type=\"wp-page\" data-elementor-id=\"25731\" class=\"elementor elementor-25731\">\n\t\t\t\t\t\t<section class=\"elementor-section elementor-top-section elementor-element elementor-element-ec751d40 elementor-section-boxed elementor-section-height-default elementor-section-height-default wpr-particle-no wpr-jarallax-no wpr-parallax-no wpr-sticky-section-no\" data-id=\"ec751d40\" data-element_type=\"section\" data-e-type=\"section\" data-settings=\"{&quot;background_background&quot;:&quot;classic&quot;}\">\n\t\t\t\t\t\t\t<div class=\"elementor-background-overlay\"><\/div>\n\t\t\t\t\t\t\t<div class=\"elementor-container elementor-column-gap-default\">\n\t\t\t\t\t<div class=\"elementor-column elementor-col-100 elementor-top-column elementor-element elementor-element-1a8f8028\" data-id=\"1a8f8028\" data-element_type=\"column\" data-e-type=\"column\">\n\t\t\t<div class=\"elementor-widget-wrap elementor-element-populated\">\n\t\t\t\t\t\t<div class=\"elementor-element elementor-element-244a86d8 elementor-widget elementor-widget-heading\" data-id=\"244a86d8\" data-element_type=\"widget\" data-e-type=\"widget\" data-widget_type=\"heading.default\">\n\t\t\t\t<div class=\"elementor-widget-container\">\n\t\t\t\t\t<h2 class=\"elementor-heading-title elementor-size-default\">In K\u00fcrze<\/h2>\t\t\t\t<\/div>\n\t\t\t\t<\/div>\n\t\t\t\t\t<\/div>\n\t\t<\/div>\n\t\t\t\t\t<\/div>\n\t\t<\/section>\n\t\t\t\t<section class=\"elementor-section elementor-top-section elementor-element elementor-element-1d3ce482 elementor-section-boxed elementor-section-height-default elementor-section-height-default wpr-particle-no wpr-jarallax-no wpr-parallax-no wpr-sticky-section-no\" data-id=\"1d3ce482\" data-element_type=\"section\" data-e-type=\"section\">\n\t\t\t\t\t\t<div class=\"elementor-container elementor-column-gap-default\">\n\t\t\t\t\t<div class=\"elementor-column elementor-col-50 elementor-top-column elementor-element elementor-element-2d82896\" data-id=\"2d82896\" data-element_type=\"column\" data-e-type=\"column\">\n\t\t\t<div class=\"elementor-widget-wrap elementor-element-populated\">\n\t\t\t\t\t\t<div class=\"elementor-element elementor-element-d32ad47 elementor-widget elementor-widget-heading\" data-id=\"d32ad47\" data-element_type=\"widget\" data-e-type=\"widget\" data-widget_type=\"heading.default\">\n\t\t\t\t<div class=\"elementor-widget-container\">\n\t\t\t\t\t<h2 class=\"elementor-heading-title elementor-size-default\">Was ist Palvia Glamping?<\/h2>\t\t\t\t<\/div>\n\t\t\t\t<\/div>\n\t\t\t\t<div class=\"elementor-element elementor-element-347e17c1 elementor-widget-divider--view-line elementor-widget elementor-widget-divider\" data-id=\"347e17c1\" data-element_type=\"widget\" data-e-type=\"widget\" data-widget_type=\"divider.default\">\n\t\t\t\t<div class=\"elementor-widget-container\">\n\t\t\t\t\t\t\t<div class=\"elementor-divider\">\n\t\t\t<span class=\"elementor-divider-separator\">\n\t\t\t\t\t\t<\/span>\n\t\t<\/div>\n\t\t\t\t\t\t<\/div>\n\t\t\t\t<\/div>\n\t\t\t\t<div class=\"elementor-element elementor-element-31bc4cec elementor-widget elementor-widget-text-editor\" data-id=\"31bc4cec\" data-element_type=\"widget\" data-e-type=\"widget\" data-widget_type=\"text-editor.default\">\n\t\t\t\t<div class=\"elementor-widget-container\">\n\t\t\t\t\t\t\t\t\t<ul><li>Ferienhaus f\u00fcr private Gruppen f\u00fcr 6-24 Personen in J\u00e4ms\u00e4<\/li><li>Viele Geb\u00e4ude<\/li><li>See und Natur<\/li><li>Gro\u00dfer Garten und viel Privatsph\u00e4re<\/li><li>Rauchsauna<\/li><li>Naturlehrpfad<\/li><li>Kostenlose Aktivit\u00e4ten\u00a0 \u00a0 \u00a0 \u00a0 \u00a0 \u00a0 \u00a0 \u00a0 \u00a0 \u00a0 \u00a0 \u00a0 \u00a0 \u00a0 \u00a0 \u00a0 \u00a0 \u00a0 \u00a0 \u00a0 \u00a0 \u00a0 \u00a0 \u00a0 \u00a0 \u00a0 \u00a0 \u00a0<\/li><\/ul><p>Erleben Sie die traditionelle finnische Landhausatmosph\u00e4re im Einklang mit modernem Wohnkomfort. Wir bieten eine private, naturnahe Umgebung, in der verschiedene Gruppen ihren individuellen Selbstversorgerurlaub gestalten und gemeinsam Zeit verbringen k\u00f6nnen.\u00a0<\/p>\t\t\t\t\t\t\t\t<\/div>\n\t\t\t\t<\/div>\n\t\t\t\t\t<\/div>\n\t\t<\/div>\n\t\t\t\t<div class=\"elementor-column elementor-col-50 elementor-top-column elementor-element elementor-element-6a4d798d\" data-id=\"6a4d798d\" data-element_type=\"column\" data-e-type=\"column\">\n\t\t\t<div class=\"elementor-widget-wrap elementor-element-populated\">\n\t\t\t\t\t\t<div class=\"elementor-element elementor-element-400b6c2b elementor-widget elementor-widget-image\" data-id=\"400b6c2b\" data-element_type=\"widget\" data-e-type=\"widget\" data-widget_type=\"image.default\">\n\t\t\t\t<div class=\"elementor-widget-container\">\n\t\t\t\t\t\t\t\t\t\t\t\t\t\t\t<img fetchpriority=\"high\" decoding=\"async\" width=\"580\" height=\"387\" src=\"https:\/\/palvia.fi\/wp-content\/uploads\/2023\/08\/IMG_6712-1024x683.jpg\" class=\"attachment-large size-large wp-image-25389\" alt=\"\" srcset=\"https:\/\/palvia.fi\/wp-content\/uploads\/2023\/08\/IMG_6712-1024x683.jpg 1024w, https:\/\/palvia.fi\/wp-content\/uploads\/2023\/08\/IMG_6712-300x200.jpg 300w, https:\/\/palvia.fi\/wp-content\/uploads\/2023\/08\/IMG_6712-768x512.jpg 768w, https:\/\/palvia.fi\/wp-content\/uploads\/2023\/08\/IMG_6712-1536x1024.jpg 1536w, https:\/\/palvia.fi\/wp-content\/uploads\/2023\/08\/IMG_6712-2048x1365.jpg 2048w, https:\/\/palvia.fi\/wp-content\/uploads\/2023\/08\/IMG_6712-16x12.jpg 16w, https:\/\/palvia.fi\/wp-content\/uploads\/2023\/08\/IMG_6712-scaled.jpg 1200w, https:\/\/palvia.fi\/wp-content\/uploads\/2023\/08\/IMG_6712-1980x1320.jpg 1980w\" sizes=\"(max-width: 580px) 100vw, 580px\" \/>\t\t\t\t\t\t\t\t\t\t\t\t\t\t\t<\/div>\n\t\t\t\t<\/div>\n\t\t\t\t\t<\/div>\n\t\t<\/div>\n\t\t\t\t\t<\/div>\n\t\t<\/section>\n\t\t\t\t<section class=\"elementor-section elementor-top-section elementor-element elementor-element-8e4d4d0 elementor-section-boxed elementor-section-height-default elementor-section-height-default wpr-particle-no wpr-jarallax-no wpr-parallax-no wpr-sticky-section-no\" data-id=\"8e4d4d0\" data-element_type=\"section\" data-e-type=\"section\">\n\t\t\t\t\t\t<div class=\"elementor-container elementor-column-gap-wide\">\n\t\t\t\t\t<div class=\"elementor-column elementor-col-50 elementor-top-column elementor-element elementor-element-a731e96\" data-id=\"a731e96\" data-element_type=\"column\" data-e-type=\"column\">\n\t\t\t<div class=\"elementor-widget-wrap elementor-element-populated\">\n\t\t\t\t\t\t<div class=\"elementor-element elementor-element-3942452 elementor-widget elementor-widget-image\" data-id=\"3942452\" data-element_type=\"widget\" data-e-type=\"widget\" data-widget_type=\"image.default\">\n\t\t\t\t<div class=\"elementor-widget-container\">\n\t\t\t\t\t\t\t\t\t\t\t\t\t\t\t<img decoding=\"async\" width=\"580\" height=\"387\" src=\"https:\/\/palvia.fi\/wp-content\/uploads\/2021\/04\/IMG_4732-1024x683.jpg\" class=\"attachment-large size-large wp-image-12001\" alt=\"\" srcset=\"https:\/\/palvia.fi\/wp-content\/uploads\/2021\/04\/IMG_4732-1024x683.jpg 1024w, https:\/\/palvia.fi\/wp-content\/uploads\/2021\/04\/IMG_4732-300x200.jpg 300w, https:\/\/palvia.fi\/wp-content\/uploads\/2021\/04\/IMG_4732-768x512.jpg 768w, https:\/\/palvia.fi\/wp-content\/uploads\/2021\/04\/IMG_4732-1536x1024.jpg 1536w, https:\/\/palvia.fi\/wp-content\/uploads\/2021\/04\/IMG_4732-2048x1365.jpg 2048w, https:\/\/palvia.fi\/wp-content\/uploads\/2021\/04\/IMG_4732-scaled.jpg 1200w, https:\/\/palvia.fi\/wp-content\/uploads\/2021\/04\/IMG_4732-1980x1320.jpg 1980w\" sizes=\"(max-width: 580px) 100vw, 580px\" \/>\t\t\t\t\t\t\t\t\t\t\t\t\t\t\t<\/div>\n\t\t\t\t<\/div>\n\t\t\t\t\t<\/div>\n\t\t<\/div>\n\t\t\t\t<div class=\"elementor-column elementor-col-50 elementor-top-column elementor-element elementor-element-38f5d21e\" data-id=\"38f5d21e\" data-element_type=\"column\" data-e-type=\"column\">\n\t\t\t<div class=\"elementor-widget-wrap elementor-element-populated\">\n\t\t\t\t\t\t<div class=\"elementor-element elementor-element-4544bed7 elementor-widget elementor-widget-heading\" data-id=\"4544bed7\" data-element_type=\"widget\" data-e-type=\"widget\" data-widget_type=\"heading.default\">\n\t\t\t\t<div class=\"elementor-widget-container\">\n\t\t\t\t\t<h2 class=\"elementor-heading-title elementor-size-default\">An wen richtet sich Palvia?<\/h2>\t\t\t\t<\/div>\n\t\t\t\t<\/div>\n\t\t\t\t<div class=\"elementor-element elementor-element-497ad104 elementor-widget-divider--view-line elementor-widget elementor-widget-divider\" data-id=\"497ad104\" data-element_type=\"widget\" data-e-type=\"widget\" data-widget_type=\"divider.default\">\n\t\t\t\t<div class=\"elementor-widget-container\">\n\t\t\t\t\t\t\t<div class=\"elementor-divider\">\n\t\t\t<span class=\"elementor-divider-separator\">\n\t\t\t\t\t\t<\/span>\n\t\t<\/div>\n\t\t\t\t\t\t<\/div>\n\t\t\t\t<\/div>\n\t\t\t\t<div class=\"elementor-element elementor-element-3d73f5fa elementor-icon-list--layout-traditional elementor-list-item-link-full_width elementor-widget elementor-widget-icon-list\" data-id=\"3d73f5fa\" data-element_type=\"widget\" data-e-type=\"widget\" data-widget_type=\"icon-list.default\">\n\t\t\t\t<div class=\"elementor-widget-container\">\n\t\t\t\t\t\t\t<ul class=\"elementor-icon-list-items\">\n\t\t\t\t\t\t\t<li class=\"elementor-icon-list-item\">\n\t\t\t\t\t\t\t\t\t\t\t<span class=\"elementor-icon-list-icon\">\n\t\t\t\t\t\t\t<i aria-hidden=\"true\" class=\"fas fa-check\"><\/i>\t\t\t\t\t\t<\/span>\n\t\t\t\t\t\t\t\t\t\t<span class=\"elementor-icon-list-text\">Familien mit Kindern und Familienfeste<\/span>\n\t\t\t\t\t\t\t\t\t<\/li>\n\t\t\t\t\t\t\t\t<li class=\"elementor-icon-list-item\">\n\t\t\t\t\t\t\t\t\t\t\t<span class=\"elementor-icon-list-icon\">\n\t\t\t\t\t\t\t<i aria-hidden=\"true\" class=\"fas fa-check\"><\/i>\t\t\t\t\t\t<\/span>\n\t\t\t\t\t\t\t\t\t\t<span class=\"elementor-icon-list-text\">Freundesgruppen und ruhige Junggesellen- und Junggesellinnenabschiede<\/span>\n\t\t\t\t\t\t\t\t\t<\/li>\n\t\t\t\t\t\t\t\t<li class=\"elementor-icon-list-item\">\n\t\t\t\t\t\t\t\t\t\t\t<span class=\"elementor-icon-list-icon\">\n\t\t\t\t\t\t\t<i aria-hidden=\"true\" class=\"fas fa-check\"><\/i>\t\t\t\t\t\t<\/span>\n\t\t\t\t\t\t\t\t\t\t<span class=\"elementor-icon-list-text\">Gesch\u00e4ftsgruppen f\u00fcr Teamtage<\/span>\n\t\t\t\t\t\t\t\t\t<\/li>\n\t\t\t\t\t\t\t\t<li class=\"elementor-icon-list-item\">\n\t\t\t\t\t\t\t\t\t\t\t<span class=\"elementor-icon-list-icon\">\n\t\t\t\t\t\t\t<i aria-hidden=\"true\" class=\"fas fa-check\"><\/i>\t\t\t\t\t\t<\/span>\n\t\t\t\t\t\t\t\t\t\t<span class=\"elementor-icon-list-text\">Retreats \u2013 Natururlaub in Finnland<\/span>\n\t\t\t\t\t\t\t\t\t<\/li>\n\t\t\t\t\t\t\t\t<li class=\"elementor-icon-list-item\">\n\t\t\t\t\t\t\t\t\t\t\t<span class=\"elementor-icon-list-icon\">\n\t\t\t\t\t\t\t<i aria-hidden=\"true\" class=\"fas fa-check\"><\/i>\t\t\t\t\t\t<\/span>\n\t\t\t\t\t\t\t\t\t\t<span class=\"elementor-icon-list-text\">Alle, die eine ruhige Umgebung und ihre eigene Ruhe suchen!<\/span>\n\t\t\t\t\t\t\t\t\t<\/li>\n\t\t\t\t\t\t<\/ul>\n\t\t\t\t\t\t<\/div>\n\t\t\t\t<\/div>\n\t\t\t\t<div class=\"elementor-element elementor-element-874f054 elementor-widget elementor-widget-text-editor\" data-id=\"874f054\" data-element_type=\"widget\" data-e-type=\"widget\" data-widget_type=\"text-editor.default\">\n\t\t\t\t<div class=\"elementor-widget-container\">\n\t\t\t\t\t\t\t\t\t<p><span style=\"font-family: var( --e-global-typography-text-font-family ), Sans-serif; font-weight: var( --e-global-typography-text-font-weight ); font-size: inherit; letter-spacing: -0.015em; text-align: inherit;\">Herzlich willkommen! Familien mit Kindern, die die Natur erleben m\u00f6chten, Freundesgruppen, die dem Gro\u00dfstadttrubel entfliehen wollen, und ausl\u00e4ndische Touristen, die Finnland erkunden. Ob Partys, Campingausfl\u00fcge, Familienfeste oder Treffen \u2013 hier sind Sie richtig! <\/span><span style=\"font-family: var( --e-global-typography-text-font-family ), Sans-serif; font-weight: var( --e-global-typography-text-font-weight ); font-size: inherit; letter-spacing: -0.015em; text-align: inherit;\">von Unternehmen\u00a0<\/span><span style=\"font-family: var( --e-global-typography-text-font-family ), Sans-serif; font-weight: var( --e-global-typography-text-font-weight ); font-size: inherit; letter-spacing: -0.015em; text-align: inherit;\">Entwicklungs- und Wir-Spirit-Treffen<\/span><span style=\"font-family: var( --e-global-typography-text-font-family ), Sans-serif; font-weight: var( --e-global-typography-text-font-weight ); font-size: inherit; letter-spacing: -0.015em; text-align: inherit;\">.\u00a0<\/span><\/p>\t\t\t\t\t\t\t\t<\/div>\n\t\t\t\t<\/div>\n\t\t\t\t\t<\/div>\n\t\t<\/div>\n\t\t\t\t\t<\/div>\n\t\t<\/section>\n\t\t\t\t<section class=\"elementor-section elementor-top-section elementor-element elementor-element-808dc84 elementor-section-boxed elementor-section-height-default elementor-section-height-default wpr-particle-no wpr-jarallax-no wpr-parallax-no wpr-sticky-section-no\" data-id=\"808dc84\" data-element_type=\"section\" data-e-type=\"section\">\n\t\t\t\t\t\t<div class=\"elementor-container elementor-column-gap-default\">\n\t\t\t\t\t<div class=\"elementor-column elementor-col-100 elementor-top-column elementor-element elementor-element-5c5e492\" data-id=\"5c5e492\" data-element_type=\"column\" data-e-type=\"column\">\n\t\t\t<div class=\"elementor-widget-wrap elementor-element-populated\">\n\t\t\t\t\t\t<div class=\"elementor-element elementor-element-f3c7191 elementor-widget elementor-widget-heading\" data-id=\"f3c7191\" data-element_type=\"widget\" data-e-type=\"widget\" data-widget_type=\"heading.default\">\n\t\t\t\t<div class=\"elementor-widget-container\">\n\t\t\t\t\t<h2 class=\"elementor-heading-title elementor-size-default\">Was ist im Mietpreis enthalten?<\/h2>\t\t\t\t<\/div>\n\t\t\t\t<\/div>\n\t\t\t\t<div class=\"elementor-element elementor-element-0d1d315 elementor-widget-divider--view-line elementor-widget elementor-widget-divider\" data-id=\"0d1d315\" data-element_type=\"widget\" data-e-type=\"widget\" data-widget_type=\"divider.default\">\n\t\t\t\t<div class=\"elementor-widget-container\">\n\t\t\t\t\t\t\t<div class=\"elementor-divider\">\n\t\t\t<span class=\"elementor-divider-separator\">\n\t\t\t\t\t\t<\/span>\n\t\t<\/div>\n\t\t\t\t\t\t<\/div>\n\t\t\t\t<\/div>\n\t\t\t\t<div class=\"elementor-element elementor-element-6b41452 elementor-widget__width-initial elementor-widget elementor-widget-text-editor\" data-id=\"6b41452\" data-element_type=\"widget\" data-e-type=\"widget\" data-widget_type=\"text-editor.default\">\n\t\t\t\t<div class=\"elementor-widget-container\">\n\t\t\t\t\t\t\t\t\t<div><div><div><p>Sie verf\u00fcgen \u00fcber einen gro\u00dfen Innenhof mit einer Fl\u00e4che von ca. 300 m\u00b2 und einer 130 m\u00b2 gro\u00dfen Terrasse. Der gesamte Bereich und seine R\u00e4umlichkeiten stehen Ihnen zur freien Verf\u00fcgung, mit Ausnahme der Rauchsauna, die nur auf gesonderte Bestellung vorgeheizt angeboten wird.\u00a0<\/p><p>Haupthaus, drei separate Ferienh\u00e4user, Luxuszelt, Strandsauna, Rauchsauna, Lager\/Holzschuppen, Au\u00dfentoilette, H\u00fctte und gro\u00dfer Grillplatz. Ihnen stehen 4 Innentoiletten\/Duschen, 2 Boote und SUP-Boards, Indoor-\/Outdoor-Spiele und Brennholz zur Verf\u00fcgung. Die Ausstattung variiert je nach Jahreszeit. Alle R\u00e4umlichkeiten au\u00dfer dem Luxuszelt sind ganzj\u00e4hrig beheizt.<\/p><p>19 bis 23 Betten (19 im Winter) und bei Bedarf 2 Feldbetten. 2 Betten im Erdgeschoss des Haupthauses, 5 im Obergeschoss, 12 in den Ferienh\u00e4usern und 4 Betten im Luxuszelt.\u00a0<\/p><div><div><p><span style=\"font-family: var( --e-global-typography-text-font-family ), Sans-serif; font-size: inherit; font-weight: var( --e-global-typography-text-font-weight ); letter-spacing: -0.015em; text-align: inherit;\">W\u00e4hrend der Sommersaison, 26.5.-28.9., Wochenendreservierungen nur f\u00fcr das ganze Wochenende (Fr-So). Je nach Situation k\u00f6nnen Ihre gew\u00fcnschten An- und Abreisezeiten vereinbart werden, ebenso Tagesbesichtigungen ohne \u00dcbernachtung. Bettw\u00e4sche und Handt\u00fccher k\u00f6nnen Sie im Haus mieten oder selbst mitbringen. Die Endreinigung ist im \u00dcbernachtungspreis inbegriffen.\u00a0<\/span><\/p><p><span style=\"letter-spacing: -0.27px; font-family: var( --e-global-typography-text-font-family ), Sans-serif; font-weight: var( --e-global-typography-text-font-weight ); font-size: 1.8rem;\">Unser Reiseziel bietet einen hervorragenden Rahmen, um Zeit auf eigene Faust zu verbringen\u00a0<\/span><span style=\"letter-spacing: -0.27px;\">wie Angeln, Beeren pfl\u00fccken, Pilze sammeln, Schwimmen, Bootfahren, Sup-Boarding, Skifahren, Spiele im Freien und im Garten. Den markierten Naturlehrpfad erreichen Sie direkt vom Hof aus.\u00a0<\/span><span style=\"font-size: inherit; text-align: inherit; font-family: var( --e-global-typography-text-font-family ), Sans-serif; font-weight: var( --e-global-typography-text-font-weight ); letter-spacing: -0.015em;\"><br \/><\/span><\/p><p><span style=\"font-size: inherit; text-align: inherit; font-family: var( --e-global-typography-text-font-family ), Sans-serif; font-weight: var( --e-global-typography-text-font-weight ); letter-spacing: -0.015em;\">Gegen eine gesonderte Geb\u00fchr werden von der \u00f6rtlichen Firma \u201eluontoliikuntauskallus tmi\u201c vielseitige gef\u00fchrte Natur\u00fcbungen wie Langlaufausfl\u00fcge, Schneeschuhwanderungen, Hofolympiade und Kajakfahren angeboten.\u00a0<\/span><\/p><\/div><\/div><p>Das Reiseziel verf\u00fcgt \u00fcber keine eigenen Catering-Dienste, lokale Unternehmen wie \u201eKievari Rantapirtti\u201c bieten Catering-Dienste an. Sie haben auch Erlebnisse wie Schneemobil-Safaris und Hundeschlitten-Safaris. Schlie\u00dfen Sie Vertr\u00e4ge direkt mit ihnen ab <a href=\"https:\/\/www.kievarirantapirtti.com\" target=\"_new\">ihre Websites<\/a> durch.<\/p><p>Die Umgebung bietet zahlreiche Veranstaltungen und Aktivit\u00e4ten. Himosfestarit, MM-Rallye, Himos Golf und Jamsanpaintball sind nur einige davon. Dar\u00fcber hinaus gibt es in der Gegend viele kulturelle Attraktionen, wie die zum UNESCO-Weltkulturerbe geh\u00f6rende alte Kirche von Pet\u00e4j\u00e4vesi und die Holzschleif- und Kartonfabrik Verla.<\/p><p>Hier finden Sie ein umfassendes Informationspaket \u00fcber die ganzj\u00e4hrigen Aktivit\u00e4ten und Veranstaltungen in der Region J\u00e4ms\u00e4 <a href=\"https:\/\/www.himosjamsa.fi\/\" target=\"_new\">von hier<\/a>.<\/p><\/div><\/div><\/div>\t\t\t\t\t\t\t\t<\/div>\n\t\t\t\t<\/div>\n\t\t\t\t\t<\/div>\n\t\t<\/div>\n\t\t\t\t\t<\/div>\n\t\t<\/section>\n\t\t<div class=\"elementor-element elementor-element-9b4c224 e-flex e-con-boxed wpr-particle-no wpr-jarallax-no wpr-parallax-no wpr-sticky-section-no e-con e-parent\" data-id=\"9b4c224\" data-element_type=\"container\" data-e-type=\"container\">\n\t\t\t\t\t<div class=\"e-con-inner\">\n\t\t\t\t<div class=\"elementor-element elementor-element-54fe6cd elementor-widget elementor-widget-text-editor\" data-id=\"54fe6cd\" data-element_type=\"widget\" data-e-type=\"widget\" data-widget_type=\"text-editor.default\">\n\t\t\t\t<div class=\"elementor-widget-container\">\n\t\t\t\t\t\t\t\t\t<p>Lorem ipsum dolor sit amet, consectetur adipiscing elit. Ut Elit tellus, luctus nec ullamcorper mattis, pulvinar dapibus leo.<\/p>\t\t\t\t\t\t\t\t<\/div>\n\t\t\t\t<\/div>\n\t\t\t\t\t<\/div>\n\t\t\t\t<\/div>\n\t\t\t\t<\/div>","protected":false},"excerpt":{"rendered":"<p>Lyhyesti Mik\u00e4 on Palvia Glamping ? Yksityinen ryhm\u00e4m\u00f6kki 6-24 hengelle J\u00e4ms\u00e4ss\u00e4 Paljon rakennuksia J\u00e4rvi ja luonto Iso pihapiiri ja yksityisyys Savusauna Luontopolku Ilmaisia aktiviteettej\u00e4\u00a0 \u00a0 \u00a0 \u00a0 \u00a0 \u00a0 \u00a0 \u00a0 \u00a0 \u00a0 \u00a0 \u00a0 \u00a0 \u00a0 \u00a0 \u00a0 \u00a0 \u00a0 \u00a0 \u00a0 \u00a0 \u00a0 \u00a0 \u00a0 \u00a0 \u00a0 \u00a0 \u00a0 Voit kokea perinteist\u00e4 suomalaista maalaistunnelmaa sopusoinnussa asumismukavuuksien kanssa. Tarjoamme luonnonl\u00e4heiset yksityiset puitteet erilaisille ryhmille omanlaisensa omatoimiloman rakentamiseen ja yhdess\u00e4oloon.\u00a0 Keille Palvia on suunnattu? Lapsiperheet ja perhejuhlat Kaveriporukat ja rauhalliset polttarit Yritysryhm\u00e4t tiimip\u00e4iviin Retriitit &#8211; nature retreat Finland Kaikki jotka etsiv\u00e4t hiljaista ymp\u00e4rist\u00f6\u00e4 ja omaa rauhaa! Tervetuloa! Luontoon haluavat lapsiperheet, yst\u00e4v\u00e4ryhm\u00e4t jotka haluavat pois kaupungin vilskeest\u00e4 sek\u00e4 ulkomaalaiset turistit jotka tutkivat Suomea. Juhla- ja leiritapahtumat, perhejuhlat ja kokoontumiset sek\u00e4 yritysten\u00a0kehittely- ja me-henkitapaamiset.\u00a0 Mit\u00e4 kuuluu vuokraukseen? Saatte yksin k\u00e4ytt\u00f6\u00f6nne ison pihapiirin jossa tiloja n. 300m2 ja 130m2 terassi. Koko alue ja sen tilat vapaasti k\u00e4ytett\u00e4viss\u00e4nne lukuunottamatta savusaunaa joka tarjotaan valmiiksi l\u00e4mmitettyn\u00e4 vain erikseen tilattaessa.\u00a0 P\u00e4\u00e4talo, kolme erillist\u00e4 m\u00f6kki\u00e4, luksusteltta, rantasauna, savusauna, varasto\/puuvaja, ulko-wc, kota sek\u00e4 iso grillikatos. K\u00e4yt\u00f6ss\u00e4nne on 4 sis\u00e4- wc\/suihkua, 2 venett\u00e4 ja sup-lautaa, sis\u00e4\/ulko pelej\u00e4 sek\u00e4 polttopuut. Varustelu vaihtelee vuodenajasta riippuen. Kaikki tilat lukuun ottamatta luksustelttaa ovat ymp\u00e4rivuotisesti l\u00e4mpimi\u00e4. S\u00e4nkypaikkoja 19 &#8211; 23 (Talviaikaan 19) ja tarvittaessa 2 retkis\u00e4nky\u00e4. P\u00e4\u00e4talon alakerrassa 2, yl\u00e4kerrassa 5, m\u00f6keiss\u00e4 12 ja 4 s\u00e4nky\u00e4 luksusteltassa.\u00a0 Kes\u00e4kautena 26.5-28.9 viikonloppuvaraukset vain koko viikonlopuksi (pe-su). Haluamasi tulo- ja l\u00e4ht\u00f6ajat tilanteesta riippuen sovittavissa sek\u00e4 p\u00e4iv\u00e4vierailut ilman y\u00f6pymist\u00e4. Liinavaatteet ja pyyhkeen voit vuokrata talolta tai tuoda omat mukana. Loppusiivous kuuluu majoitushintaan.\u00a0 Kohteemme tarjoaa mainiot puitteet omatoimiseen ajanviettoon\u00a0kuten kalastus, marjastus, sienestys, uinti, veneily, sup-lautailu, hiihto, avanto ja pihapelit. Merkitylle luontopolulle p\u00e4\u00e4see suoraan pihasta.\u00a0 Erikseen maksullista monipuolista ohjattua luontoliikuntaa, kuten laturetki\u00e4, lumiliukukenk\u00e4retki\u00e4, pihaolympialaisia ja melontaa tarjoaa muun muassa paikallinen yritys &#8221;luontoliikuntauskallus tmi&#8221;\u00a0 Kohteessa ei ole omia ruokailupalveluita, paikalliset yritykset kuten &#8221;Kievari Rantapirtti&#8221; tarjoaa catering-palveluita. Heill\u00e4 on lis\u00e4ksi el\u00e4myksi\u00e4 kuten moottorikelkkasafareja ja koiravaljakkosafareja. Tee sopimukset suoraan heid\u00e4n verkkosivujensa kautta. L\u00e4hialue tarjoaa runsaasti tapahtumia ja aktiviteettej\u00e4. Himosfestarit, MM-ralli, Himos Golf ja Jamsanpaintball ovat vain muutamia mainitakseni. Lis\u00e4ksi alueelta l\u00f6ytyy monia kulttuurikohteita, kuten UNESCO:n maailmanperint\u00f6kohteet Pet\u00e4j\u00e4veden vanha kirkko ja Verlan puuhiomo ja pahvitehdas. Kattavan tietopaketin J\u00e4ms\u00e4n alueen ymp\u00e4rivuotisista aktiviteeteista ja tapahtumista l\u00f6yd\u00e4t t\u00e4\u00e4lt\u00e4. Lorem ipsum dolor sit amet, consectetur adipiscing elit. Ut elit tellus, luctus nec ullamcorper mattis, pulvinar dapibus leo.<\/p>","protected":false},"author":1,"featured_media":0,"parent":0,"menu_order":0,"comment_status":"closed","ping_status":"closed","template":"elementor_canvas","meta":{"footnotes":""},"class_list":["post-25731","page","type-page","status-publish","hentry"],"_links":{"self":[{"href":"https:\/\/palvia.fi\/de\/wp-json\/wp\/v2\/pages\/25731","targetHints":{"allow":["GET"]}}],"collection":[{"href":"https:\/\/palvia.fi\/de\/wp-json\/wp\/v2\/pages"}],"about":[{"href":"https:\/\/palvia.fi\/de\/wp-json\/wp\/v2\/types\/page"}],"author":[{"embeddable":true,"href":"https:\/\/palvia.fi\/de\/wp-json\/wp\/v2\/users\/1"}],"replies":[{"embeddable":true,"href":"https:\/\/palvia.fi\/de\/wp-json\/wp\/v2\/comments?post=25731"}],"version-history":[{"count":96,"href":"https:\/\/palvia.fi\/de\/wp-json\/wp\/v2\/pages\/25731\/revisions"}],"predecessor-version":[{"id":27546,"href":"https:\/\/palvia.fi\/de\/wp-json\/wp\/v2\/pages\/25731\/revisions\/27546"}],"wp:attachment":[{"href":"https:\/\/palvia.fi\/de\/wp-json\/wp\/v2\/media?parent=25731"}],"curies":[{"name":"wp","href":"https:\/\/api.w.org\/{rel}","templated":true}]}}