{"id":25731,"date":"2023-09-22T14:41:53","date_gmt":"2023-09-22T14:41:53","guid":{"rendered":"https:\/\/palvia.fi\/?page_id=25731"},"modified":"2026-03-14T13:13:22","modified_gmt":"2026-03-14T13:13:22","slug":"introduction","status":"publish","type":"page","link":"https:\/\/palvia.fi\/es\/introduction\/","title":{"rendered":"Introducci\u00f3n"},"content":{"rendered":"<div data-elementor-type=\"wp-page\" data-elementor-id=\"25731\" class=\"elementor elementor-25731\">\n\t\t\t\t\t\t<section class=\"elementor-section elementor-top-section elementor-element elementor-element-ec751d40 elementor-section-boxed elementor-section-height-default elementor-section-height-default wpr-particle-no wpr-jarallax-no wpr-parallax-no wpr-sticky-section-no\" data-id=\"ec751d40\" data-element_type=\"section\" data-e-type=\"section\" data-settings=\"{&quot;background_background&quot;:&quot;classic&quot;}\">\n\t\t\t\t\t\t\t<div class=\"elementor-background-overlay\"><\/div>\n\t\t\t\t\t\t\t<div class=\"elementor-container elementor-column-gap-default\">\n\t\t\t\t\t<div class=\"elementor-column elementor-col-100 elementor-top-column elementor-element elementor-element-1a8f8028\" data-id=\"1a8f8028\" data-element_type=\"column\" data-e-type=\"column\">\n\t\t\t<div class=\"elementor-widget-wrap elementor-element-populated\">\n\t\t\t\t\t\t<div class=\"elementor-element elementor-element-244a86d8 elementor-widget elementor-widget-heading\" data-id=\"244a86d8\" data-element_type=\"widget\" data-e-type=\"widget\" data-widget_type=\"heading.default\">\n\t\t\t\t<div class=\"elementor-widget-container\">\n\t\t\t\t\t<h2 class=\"elementor-heading-title elementor-size-default\">En breve<\/h2>\t\t\t\t<\/div>\n\t\t\t\t<\/div>\n\t\t\t\t\t<\/div>\n\t\t<\/div>\n\t\t\t\t\t<\/div>\n\t\t<\/section>\n\t\t\t\t<section class=\"elementor-section elementor-top-section elementor-element elementor-element-1d3ce482 elementor-section-boxed elementor-section-height-default elementor-section-height-default wpr-particle-no wpr-jarallax-no wpr-parallax-no wpr-sticky-section-no\" data-id=\"1d3ce482\" data-element_type=\"section\" data-e-type=\"section\">\n\t\t\t\t\t\t<div class=\"elementor-container elementor-column-gap-default\">\n\t\t\t\t\t<div class=\"elementor-column elementor-col-50 elementor-top-column elementor-element elementor-element-2d82896\" data-id=\"2d82896\" data-element_type=\"column\" data-e-type=\"column\">\n\t\t\t<div class=\"elementor-widget-wrap elementor-element-populated\">\n\t\t\t\t\t\t<div class=\"elementor-element elementor-element-d32ad47 elementor-widget elementor-widget-heading\" data-id=\"d32ad47\" data-element_type=\"widget\" data-e-type=\"widget\" data-widget_type=\"heading.default\">\n\t\t\t\t<div class=\"elementor-widget-container\">\n\t\t\t\t\t<h2 class=\"elementor-heading-title elementor-size-default\">\u00bfQu\u00e9 es Palvia Glamping?<\/h2>\t\t\t\t<\/div>\n\t\t\t\t<\/div>\n\t\t\t\t<div class=\"elementor-element elementor-element-347e17c1 elementor-widget-divider--view-line elementor-widget elementor-widget-divider\" data-id=\"347e17c1\" data-element_type=\"widget\" data-e-type=\"widget\" data-widget_type=\"divider.default\">\n\t\t\t\t<div class=\"elementor-widget-container\">\n\t\t\t\t\t\t\t<div class=\"elementor-divider\">\n\t\t\t<span class=\"elementor-divider-separator\">\n\t\t\t\t\t\t<\/span>\n\t\t<\/div>\n\t\t\t\t\t\t<\/div>\n\t\t\t\t<\/div>\n\t\t\t\t<div class=\"elementor-element elementor-element-31bc4cec elementor-widget elementor-widget-text-editor\" data-id=\"31bc4cec\" data-element_type=\"widget\" data-e-type=\"widget\" data-widget_type=\"text-editor.default\">\n\t\t\t\t<div class=\"elementor-widget-container\">\n\t\t\t\t\t\t\t\t\t<ul><li>Casa rural privada para grupos de 6 a 24 personas en J\u00e4ms\u00e4<\/li><li>Muchos edificios<\/li><li>Lago y naturaleza<\/li><li>Amplio jard\u00edn y privacidad<\/li><li>sauna de humo<\/li><li>Ruta natural<\/li><li>Actividades gratuitas\u00a0 \u00a0 \u00a0 \u00a0 \u00a0 \u00a0 \u00a0 \u00a0 \u00a0 \u00a0 \u00a0 \u00a0 \u00a0 \u00a0 \u00a0 \u00a0 \u00a0 \u00a0 \u00a0 \u00a0 \u00a0 \u00a0 \u00a0 \u00a0 \u00a0 \u00a0 \u00a0 \u00a0<\/li><\/ul><p>Podr\u00e1s disfrutar del ambiente rural tradicional finland\u00e9s en armon\u00eda con las comodidades modernas. Ofrecemos un entorno privado en plena naturaleza para que diferentes grupos dise\u00f1en sus propias vacaciones con alojamiento independiente y disfruten de tiempo juntos.\u00a0<\/p>\t\t\t\t\t\t\t\t<\/div>\n\t\t\t\t<\/div>\n\t\t\t\t\t<\/div>\n\t\t<\/div>\n\t\t\t\t<div class=\"elementor-column elementor-col-50 elementor-top-column elementor-element elementor-element-6a4d798d\" data-id=\"6a4d798d\" data-element_type=\"column\" data-e-type=\"column\">\n\t\t\t<div class=\"elementor-widget-wrap elementor-element-populated\">\n\t\t\t\t\t\t<div class=\"elementor-element elementor-element-400b6c2b elementor-widget elementor-widget-image\" data-id=\"400b6c2b\" data-element_type=\"widget\" data-e-type=\"widget\" data-widget_type=\"image.default\">\n\t\t\t\t<div class=\"elementor-widget-container\">\n\t\t\t\t\t\t\t\t\t\t\t\t\t\t\t<img fetchpriority=\"high\" decoding=\"async\" width=\"580\" height=\"387\" src=\"https:\/\/palvia.fi\/wp-content\/uploads\/2023\/08\/IMG_6712-1024x683.jpg\" class=\"attachment-large size-large wp-image-25389\" alt=\"\" srcset=\"https:\/\/palvia.fi\/wp-content\/uploads\/2023\/08\/IMG_6712-1024x683.jpg 1024w, https:\/\/palvia.fi\/wp-content\/uploads\/2023\/08\/IMG_6712-300x200.jpg 300w, https:\/\/palvia.fi\/wp-content\/uploads\/2023\/08\/IMG_6712-768x512.jpg 768w, https:\/\/palvia.fi\/wp-content\/uploads\/2023\/08\/IMG_6712-1536x1024.jpg 1536w, https:\/\/palvia.fi\/wp-content\/uploads\/2023\/08\/IMG_6712-2048x1365.jpg 2048w, https:\/\/palvia.fi\/wp-content\/uploads\/2023\/08\/IMG_6712-16x12.jpg 16w, https:\/\/palvia.fi\/wp-content\/uploads\/2023\/08\/IMG_6712-scaled.jpg 1200w, https:\/\/palvia.fi\/wp-content\/uploads\/2023\/08\/IMG_6712-1980x1320.jpg 1980w\" sizes=\"(max-width: 580px) 100vw, 580px\" \/>\t\t\t\t\t\t\t\t\t\t\t\t\t\t\t<\/div>\n\t\t\t\t<\/div>\n\t\t\t\t\t<\/div>\n\t\t<\/div>\n\t\t\t\t\t<\/div>\n\t\t<\/section>\n\t\t\t\t<section class=\"elementor-section elementor-top-section elementor-element elementor-element-8e4d4d0 elementor-section-boxed elementor-section-height-default elementor-section-height-default wpr-particle-no wpr-jarallax-no wpr-parallax-no wpr-sticky-section-no\" data-id=\"8e4d4d0\" data-element_type=\"section\" data-e-type=\"section\">\n\t\t\t\t\t\t<div class=\"elementor-container elementor-column-gap-wide\">\n\t\t\t\t\t<div class=\"elementor-column elementor-col-50 elementor-top-column elementor-element elementor-element-a731e96\" data-id=\"a731e96\" data-element_type=\"column\" data-e-type=\"column\">\n\t\t\t<div class=\"elementor-widget-wrap elementor-element-populated\">\n\t\t\t\t\t\t<div class=\"elementor-element elementor-element-3942452 elementor-widget elementor-widget-image\" data-id=\"3942452\" data-element_type=\"widget\" data-e-type=\"widget\" data-widget_type=\"image.default\">\n\t\t\t\t<div class=\"elementor-widget-container\">\n\t\t\t\t\t\t\t\t\t\t\t\t\t\t\t<img decoding=\"async\" width=\"580\" height=\"387\" src=\"https:\/\/palvia.fi\/wp-content\/uploads\/2021\/04\/IMG_4732-1024x683.jpg\" class=\"attachment-large size-large wp-image-12001\" alt=\"\" srcset=\"https:\/\/palvia.fi\/wp-content\/uploads\/2021\/04\/IMG_4732-1024x683.jpg 1024w, https:\/\/palvia.fi\/wp-content\/uploads\/2021\/04\/IMG_4732-300x200.jpg 300w, https:\/\/palvia.fi\/wp-content\/uploads\/2021\/04\/IMG_4732-768x512.jpg 768w, https:\/\/palvia.fi\/wp-content\/uploads\/2021\/04\/IMG_4732-1536x1024.jpg 1536w, https:\/\/palvia.fi\/wp-content\/uploads\/2021\/04\/IMG_4732-2048x1365.jpg 2048w, https:\/\/palvia.fi\/wp-content\/uploads\/2021\/04\/IMG_4732-scaled.jpg 1200w, https:\/\/palvia.fi\/wp-content\/uploads\/2021\/04\/IMG_4732-1980x1320.jpg 1980w\" sizes=\"(max-width: 580px) 100vw, 580px\" \/>\t\t\t\t\t\t\t\t\t\t\t\t\t\t\t<\/div>\n\t\t\t\t<\/div>\n\t\t\t\t\t<\/div>\n\t\t<\/div>\n\t\t\t\t<div class=\"elementor-column elementor-col-50 elementor-top-column elementor-element elementor-element-38f5d21e\" data-id=\"38f5d21e\" data-element_type=\"column\" data-e-type=\"column\">\n\t\t\t<div class=\"elementor-widget-wrap elementor-element-populated\">\n\t\t\t\t\t\t<div class=\"elementor-element elementor-element-4544bed7 elementor-widget elementor-widget-heading\" data-id=\"4544bed7\" data-element_type=\"widget\" data-e-type=\"widget\" data-widget_type=\"heading.default\">\n\t\t\t\t<div class=\"elementor-widget-container\">\n\t\t\t\t\t<h2 class=\"elementor-heading-title elementor-size-default\">\u00bfA qui\u00e9n va dirigido Palvia?<\/h2>\t\t\t\t<\/div>\n\t\t\t\t<\/div>\n\t\t\t\t<div class=\"elementor-element elementor-element-497ad104 elementor-widget-divider--view-line elementor-widget elementor-widget-divider\" data-id=\"497ad104\" data-element_type=\"widget\" data-e-type=\"widget\" data-widget_type=\"divider.default\">\n\t\t\t\t<div class=\"elementor-widget-container\">\n\t\t\t\t\t\t\t<div class=\"elementor-divider\">\n\t\t\t<span class=\"elementor-divider-separator\">\n\t\t\t\t\t\t<\/span>\n\t\t<\/div>\n\t\t\t\t\t\t<\/div>\n\t\t\t\t<\/div>\n\t\t\t\t<div class=\"elementor-element elementor-element-3d73f5fa elementor-icon-list--layout-traditional elementor-list-item-link-full_width elementor-widget elementor-widget-icon-list\" data-id=\"3d73f5fa\" data-element_type=\"widget\" data-e-type=\"widget\" data-widget_type=\"icon-list.default\">\n\t\t\t\t<div class=\"elementor-widget-container\">\n\t\t\t\t\t\t\t<ul class=\"elementor-icon-list-items\">\n\t\t\t\t\t\t\t<li class=\"elementor-icon-list-item\">\n\t\t\t\t\t\t\t\t\t\t\t<span class=\"elementor-icon-list-icon\">\n\t\t\t\t\t\t\t<i aria-hidden=\"true\" class=\"fas fa-check\"><\/i>\t\t\t\t\t\t<\/span>\n\t\t\t\t\t\t\t\t\t\t<span class=\"elementor-icon-list-text\">Familias con ni\u00f1os y celebraciones familiares<\/span>\n\t\t\t\t\t\t\t\t\t<\/li>\n\t\t\t\t\t\t\t\t<li class=\"elementor-icon-list-item\">\n\t\t\t\t\t\t\t\t\t\t\t<span class=\"elementor-icon-list-icon\">\n\t\t\t\t\t\t\t<i aria-hidden=\"true\" class=\"fas fa-check\"><\/i>\t\t\t\t\t\t<\/span>\n\t\t\t\t\t\t\t\t\t\t<span class=\"elementor-icon-list-text\">Grupos de amigos y despedidas de soltero\/a tranquilas.<\/span>\n\t\t\t\t\t\t\t\t\t<\/li>\n\t\t\t\t\t\t\t\t<li class=\"elementor-icon-list-item\">\n\t\t\t\t\t\t\t\t\t\t\t<span class=\"elementor-icon-list-icon\">\n\t\t\t\t\t\t\t<i aria-hidden=\"true\" class=\"fas fa-check\"><\/i>\t\t\t\t\t\t<\/span>\n\t\t\t\t\t\t\t\t\t\t<span class=\"elementor-icon-list-text\">Grupos empresariales para jornadas de equipo<\/span>\n\t\t\t\t\t\t\t\t\t<\/li>\n\t\t\t\t\t\t\t\t<li class=\"elementor-icon-list-item\">\n\t\t\t\t\t\t\t\t\t\t\t<span class=\"elementor-icon-list-icon\">\n\t\t\t\t\t\t\t<i aria-hidden=\"true\" class=\"fas fa-check\"><\/i>\t\t\t\t\t\t<\/span>\n\t\t\t\t\t\t\t\t\t\t<span class=\"elementor-icon-list-text\">Retiros - retiro en la naturaleza en Finlandia<\/span>\n\t\t\t\t\t\t\t\t\t<\/li>\n\t\t\t\t\t\t\t\t<li class=\"elementor-icon-list-item\">\n\t\t\t\t\t\t\t\t\t\t\t<span class=\"elementor-icon-list-icon\">\n\t\t\t\t\t\t\t<i aria-hidden=\"true\" class=\"fas fa-check\"><\/i>\t\t\t\t\t\t<\/span>\n\t\t\t\t\t\t\t\t\t\t<span class=\"elementor-icon-list-text\">\u00a1Todos los que buscan un ambiente tranquilo y su propia paz!<\/span>\n\t\t\t\t\t\t\t\t\t<\/li>\n\t\t\t\t\t\t<\/ul>\n\t\t\t\t\t\t<\/div>\n\t\t\t\t<\/div>\n\t\t\t\t<div class=\"elementor-element elementor-element-874f054 elementor-widget elementor-widget-text-editor\" data-id=\"874f054\" data-element_type=\"widget\" data-e-type=\"widget\" data-widget_type=\"text-editor.default\">\n\t\t\t\t<div class=\"elementor-widget-container\">\n\t\t\t\t\t\t\t\t\t<p><span style=\"font-family: var( --e-global-typography-text-font-family ), Sans-serif; font-weight: var( --e-global-typography-text-font-weight ); font-size: inherit; letter-spacing: -0.015em; text-align: inherit;\">\u00a1Bienvenidos! Familias con ni\u00f1os que desean disfrutar de la naturaleza, grupos de amigos que buscan escapar del bullicio de la ciudad y turistas extranjeros que exploran Finlandia. Fiestas y campamentos, celebraciones y reuniones familiares, as\u00ed como <\/span><span style=\"font-family: var( --e-global-typography-text-font-family ), Sans-serif; font-weight: var( --e-global-typography-text-font-weight ); font-size: inherit; letter-spacing: -0.015em; text-align: inherit;\">de empresas\u00a0<\/span><span style=\"font-family: var( --e-global-typography-text-font-family ), Sans-serif; font-weight: var( --e-global-typography-text-font-weight ); font-size: inherit; letter-spacing: -0.015em; text-align: inherit;\">reuniones de desarrollo y esp\u00edritu we-spirit<\/span><span style=\"font-family: var( --e-global-typography-text-font-family ), Sans-serif; font-weight: var( --e-global-typography-text-font-weight ); font-size: inherit; letter-spacing: -0.015em; text-align: inherit;\">.\u00a0<\/span><\/p>\t\t\t\t\t\t\t\t<\/div>\n\t\t\t\t<\/div>\n\t\t\t\t\t<\/div>\n\t\t<\/div>\n\t\t\t\t\t<\/div>\n\t\t<\/section>\n\t\t\t\t<section class=\"elementor-section elementor-top-section elementor-element elementor-element-808dc84 elementor-section-boxed elementor-section-height-default elementor-section-height-default wpr-particle-no wpr-jarallax-no wpr-parallax-no wpr-sticky-section-no\" data-id=\"808dc84\" data-element_type=\"section\" data-e-type=\"section\">\n\t\t\t\t\t\t<div class=\"elementor-container elementor-column-gap-default\">\n\t\t\t\t\t<div class=\"elementor-column elementor-col-100 elementor-top-column elementor-element elementor-element-5c5e492\" data-id=\"5c5e492\" data-element_type=\"column\" data-e-type=\"column\">\n\t\t\t<div class=\"elementor-widget-wrap elementor-element-populated\">\n\t\t\t\t\t\t<div class=\"elementor-element elementor-element-f3c7191 elementor-widget elementor-widget-heading\" data-id=\"f3c7191\" data-element_type=\"widget\" data-e-type=\"widget\" data-widget_type=\"heading.default\">\n\t\t\t\t<div class=\"elementor-widget-container\">\n\t\t\t\t\t<h2 class=\"elementor-heading-title elementor-size-default\">\u00bfQu\u00e9 est\u00e1 incluido en el alquiler?<\/h2>\t\t\t\t<\/div>\n\t\t\t\t<\/div>\n\t\t\t\t<div class=\"elementor-element elementor-element-0d1d315 elementor-widget-divider--view-line elementor-widget elementor-widget-divider\" data-id=\"0d1d315\" data-element_type=\"widget\" data-e-type=\"widget\" data-widget_type=\"divider.default\">\n\t\t\t\t<div class=\"elementor-widget-container\">\n\t\t\t\t\t\t\t<div class=\"elementor-divider\">\n\t\t\t<span class=\"elementor-divider-separator\">\n\t\t\t\t\t\t<\/span>\n\t\t<\/div>\n\t\t\t\t\t\t<\/div>\n\t\t\t\t<\/div>\n\t\t\t\t<div class=\"elementor-element elementor-element-6b41452 elementor-widget__width-initial elementor-widget elementor-widget-text-editor\" data-id=\"6b41452\" data-element_type=\"widget\" data-e-type=\"widget\" data-widget_type=\"text-editor.default\">\n\t\t\t\t<div class=\"elementor-widget-container\">\n\t\t\t\t\t\t\t\t\t<div><div><div><p>Puedes utilizar un gran patio con espacios de aprox. 300m2 y una terraza de 130m2. Toda el \u00e1rea y sus instalaciones est\u00e1n a su libre disposici\u00f3n, excepto la sauna de humos, que se ofrece precalentada s\u00f3lo cuando se solicita por separado.\u00a0<\/p><p>Casa principal, tres caba\u00f1as independientes, tienda de campa\u00f1a de lujo, sauna de playa, sauna de humo, almac\u00e9n\/le\u00f1era, ba\u00f1o exterior, caba\u00f1a y amplio refugio para barbacoa. Dispone de 4 ba\u00f1os\/duchas interiores, 2 botes y tablas de SUP, juegos de interior y exterior y le\u00f1a. El equipamiento var\u00eda seg\u00fan la temporada. Todas las instalaciones, excepto la tienda de campa\u00f1a de lujo, tienen calefacci\u00f3n todo el a\u00f1o.<\/p><p>Capacidad para 19-23 personas (19 en invierno) y 2 camas plegables si fuera necesario. 2 en la planta baja de la casa principal, 5 en la planta superior, 12 en las caba\u00f1as y 4 en la tienda de lujo.\u00a0<\/p><div><div><p><span style=\"font-family: var( --e-global-typography-text-font-family ), Sans-serif; font-size: inherit; font-weight: var( --e-global-typography-text-font-weight ); letter-spacing: -0.015em; text-align: inherit;\">Durante la temporada de verano, 26.5-28.9, reservas de fin de semana solo para todo el fin de semana (viernes-domingo). Dependiendo de la situaci\u00f3n, se pueden concertar los horarios de llegada y salida deseados, as\u00ed como visitas de un d\u00eda sin pernoctaci\u00f3n. Puedes alquilar ropa de cama y toallas de la casa o traer las tuyas. La limpieza final est\u00e1 incluida en el precio del alojamiento.\u00a0<\/span><\/p><p><span style=\"letter-spacing: -0.27px; font-family: var( --e-global-typography-text-font-family ), Sans-serif; font-weight: var( --e-global-typography-text-font-weight ); font-size: 1.8rem;\">Nuestro destino ofrece un excelente escenario para pasar tiempo a solas.\u00a0<\/span><span style=\"letter-spacing: -0.27px;\">como pescar, recoger bayas y setas, nadar, pasear en bote, practicar surf, esquiar, jugar al aire libre y en el jard\u00edn. Desde el patio se puede acceder al sendero natural se\u00f1alizado.\u00a0<\/span><span style=\"font-size: inherit; text-align: inherit; font-family: var( --e-global-typography-text-font-family ), Sans-serif; font-weight: var( --e-global-typography-text-font-weight ); letter-spacing: -0.015em;\"><br \/><\/span><\/p><p><span style=\"font-size: inherit; text-align: inherit; font-family: var( --e-global-typography-text-font-family ), Sans-serif; font-weight: var( --e-global-typography-text-font-weight ); letter-spacing: -0.015em;\">Por un cargo aparte, la empresa local &quot;luontoliikuntauskallus tmi&quot; ofrece actividades vers\u00e1tiles guiadas en la naturaleza, como esqu\u00ed de fondo, excursiones con raquetas de nieve, juegos ol\u00edmpicos en el patio y paseos en kayak.\u00a0<\/span><\/p><\/div><\/div><p>El destino no cuenta con servicios de catering propios, empresas locales como &quot;Kievari Rantapirtti&quot; ofrecen servicios de catering. Tambi\u00e9n cuentan con experiencias como safaris en motos de nieve y safaris en trineos tirados por perros. Realizar contratos directamente con ellos. <a href=\"https:\/\/www.kievarirantapirtti.com\" target=\"_new\">sus sitios web<\/a> a trav\u00e9s de.<\/p><p>El \u00e1rea local ofrece muchos eventos y actividades. Himosfestarit, MM rally, Himos Golf y Jamsanpaintball son s\u00f3lo por nombrar algunos. Adem\u00e1s, hay muchas atracciones culturales en la zona, como la antigua iglesia de Pet\u00e4j\u00e4vesi, declarada Patrimonio de la Humanidad por la UNESCO, y la f\u00e1brica de cart\u00f3n y molinillo de madera Verla.<\/p><p>Puede encontrar un paquete de informaci\u00f3n completo sobre las actividades y eventos durante todo el a\u00f1o en el \u00e1rea de J\u00e4ms\u00e4. <a href=\"https:\/\/www.himosjamsa.fi\/\" target=\"_new\">de aqu\u00ed<\/a>.<\/p><\/div><\/div><\/div>\t\t\t\t\t\t\t\t<\/div>\n\t\t\t\t<\/div>\n\t\t\t\t\t<\/div>\n\t\t<\/div>\n\t\t\t\t\t<\/div>\n\t\t<\/section>\n\t\t<div class=\"elementor-element elementor-element-9b4c224 e-flex e-con-boxed wpr-particle-no wpr-jarallax-no wpr-parallax-no wpr-sticky-section-no e-con e-parent\" data-id=\"9b4c224\" data-element_type=\"container\" data-e-type=\"container\">\n\t\t\t\t\t<div class=\"e-con-inner\">\n\t\t\t\t<div class=\"elementor-element elementor-element-54fe6cd elementor-widget elementor-widget-text-editor\" data-id=\"54fe6cd\" data-element_type=\"widget\" data-e-type=\"widget\" data-widget_type=\"text-editor.default\">\n\t\t\t\t<div class=\"elementor-widget-container\">\n\t\t\t\t\t\t\t\t\t<p>Lorem ipsum dolor sit amet, consectetur adipiscing elit. Ut elit tellus, luctus nec ullamcorper mattis, pulvinar dapibus leo.<\/p>\t\t\t\t\t\t\t\t<\/div>\n\t\t\t\t<\/div>\n\t\t\t\t\t<\/div>\n\t\t\t\t<\/div>\n\t\t\t\t<\/div>","protected":false},"excerpt":{"rendered":"<p>Lyhyesti Mik\u00e4 on Palvia Glamping ? Yksityinen ryhm\u00e4m\u00f6kki 6-24 hengelle J\u00e4ms\u00e4ss\u00e4 Paljon rakennuksia J\u00e4rvi ja luonto Iso pihapiiri ja yksityisyys Savusauna Luontopolku Ilmaisia aktiviteettej\u00e4\u00a0 \u00a0 \u00a0 \u00a0 \u00a0 \u00a0 \u00a0 \u00a0 \u00a0 \u00a0 \u00a0 \u00a0 \u00a0 \u00a0 \u00a0 \u00a0 \u00a0 \u00a0 \u00a0 \u00a0 \u00a0 \u00a0 \u00a0 \u00a0 \u00a0 \u00a0 \u00a0 \u00a0 Voit kokea perinteist\u00e4 suomalaista maalaistunnelmaa sopusoinnussa asumismukavuuksien kanssa. Tarjoamme luonnonl\u00e4heiset yksityiset puitteet erilaisille ryhmille omanlaisensa omatoimiloman rakentamiseen ja yhdess\u00e4oloon.\u00a0 Keille Palvia on suunnattu? Lapsiperheet ja perhejuhlat Kaveriporukat ja rauhalliset polttarit Yritysryhm\u00e4t tiimip\u00e4iviin Retriitit &#8211; nature retreat Finland Kaikki jotka etsiv\u00e4t hiljaista ymp\u00e4rist\u00f6\u00e4 ja omaa rauhaa! Tervetuloa! Luontoon haluavat lapsiperheet, yst\u00e4v\u00e4ryhm\u00e4t jotka haluavat pois kaupungin vilskeest\u00e4 sek\u00e4 ulkomaalaiset turistit jotka tutkivat Suomea. Juhla- ja leiritapahtumat, perhejuhlat ja kokoontumiset sek\u00e4 yritysten\u00a0kehittely- ja me-henkitapaamiset.\u00a0 Mit\u00e4 kuuluu vuokraukseen? Saatte yksin k\u00e4ytt\u00f6\u00f6nne ison pihapiirin jossa tiloja n. 300m2 ja 130m2 terassi. Koko alue ja sen tilat vapaasti k\u00e4ytett\u00e4viss\u00e4nne lukuunottamatta savusaunaa joka tarjotaan valmiiksi l\u00e4mmitettyn\u00e4 vain erikseen tilattaessa.\u00a0 P\u00e4\u00e4talo, kolme erillist\u00e4 m\u00f6kki\u00e4, luksusteltta, rantasauna, savusauna, varasto\/puuvaja, ulko-wc, kota sek\u00e4 iso grillikatos. K\u00e4yt\u00f6ss\u00e4nne on 4 sis\u00e4- wc\/suihkua, 2 venett\u00e4 ja sup-lautaa, sis\u00e4\/ulko pelej\u00e4 sek\u00e4 polttopuut. Varustelu vaihtelee vuodenajasta riippuen. Kaikki tilat lukuun ottamatta luksustelttaa ovat ymp\u00e4rivuotisesti l\u00e4mpimi\u00e4. S\u00e4nkypaikkoja 19 &#8211; 23 (Talviaikaan 19) ja tarvittaessa 2 retkis\u00e4nky\u00e4. P\u00e4\u00e4talon alakerrassa 2, yl\u00e4kerrassa 5, m\u00f6keiss\u00e4 12 ja 4 s\u00e4nky\u00e4 luksusteltassa.\u00a0 Kes\u00e4kautena 26.5-28.9 viikonloppuvaraukset vain koko viikonlopuksi (pe-su). Haluamasi tulo- ja l\u00e4ht\u00f6ajat tilanteesta riippuen sovittavissa sek\u00e4 p\u00e4iv\u00e4vierailut ilman y\u00f6pymist\u00e4. Liinavaatteet ja pyyhkeen voit vuokrata talolta tai tuoda omat mukana. Loppusiivous kuuluu majoitushintaan.\u00a0 Kohteemme tarjoaa mainiot puitteet omatoimiseen ajanviettoon\u00a0kuten kalastus, marjastus, sienestys, uinti, veneily, sup-lautailu, hiihto, avanto ja pihapelit. Merkitylle luontopolulle p\u00e4\u00e4see suoraan pihasta.\u00a0 Erikseen maksullista monipuolista ohjattua luontoliikuntaa, kuten laturetki\u00e4, lumiliukukenk\u00e4retki\u00e4, pihaolympialaisia ja melontaa tarjoaa muun muassa paikallinen yritys &#8221;luontoliikuntauskallus tmi&#8221;\u00a0 Kohteessa ei ole omia ruokailupalveluita, paikalliset yritykset kuten &#8221;Kievari Rantapirtti&#8221; tarjoaa catering-palveluita. Heill\u00e4 on lis\u00e4ksi el\u00e4myksi\u00e4 kuten moottorikelkkasafareja ja koiravaljakkosafareja. Tee sopimukset suoraan heid\u00e4n verkkosivujensa kautta. L\u00e4hialue tarjoaa runsaasti tapahtumia ja aktiviteettej\u00e4. Himosfestarit, MM-ralli, Himos Golf ja Jamsanpaintball ovat vain muutamia mainitakseni. Lis\u00e4ksi alueelta l\u00f6ytyy monia kulttuurikohteita, kuten UNESCO:n maailmanperint\u00f6kohteet Pet\u00e4j\u00e4veden vanha kirkko ja Verlan puuhiomo ja pahvitehdas. Kattavan tietopaketin J\u00e4ms\u00e4n alueen ymp\u00e4rivuotisista aktiviteeteista ja tapahtumista l\u00f6yd\u00e4t t\u00e4\u00e4lt\u00e4. Lorem ipsum dolor sit amet, consectetur adipiscing elit. Ut elit tellus, luctus nec ullamcorper mattis, pulvinar dapibus leo.<\/p>","protected":false},"author":1,"featured_media":0,"parent":0,"menu_order":0,"comment_status":"closed","ping_status":"closed","template":"elementor_canvas","meta":{"footnotes":""},"class_list":["post-25731","page","type-page","status-publish","hentry"],"_links":{"self":[{"href":"https:\/\/palvia.fi\/es\/wp-json\/wp\/v2\/pages\/25731","targetHints":{"allow":["GET"]}}],"collection":[{"href":"https:\/\/palvia.fi\/es\/wp-json\/wp\/v2\/pages"}],"about":[{"href":"https:\/\/palvia.fi\/es\/wp-json\/wp\/v2\/types\/page"}],"author":[{"embeddable":true,"href":"https:\/\/palvia.fi\/es\/wp-json\/wp\/v2\/users\/1"}],"replies":[{"embeddable":true,"href":"https:\/\/palvia.fi\/es\/wp-json\/wp\/v2\/comments?post=25731"}],"version-history":[{"count":96,"href":"https:\/\/palvia.fi\/es\/wp-json\/wp\/v2\/pages\/25731\/revisions"}],"predecessor-version":[{"id":27546,"href":"https:\/\/palvia.fi\/es\/wp-json\/wp\/v2\/pages\/25731\/revisions\/27546"}],"wp:attachment":[{"href":"https:\/\/palvia.fi\/es\/wp-json\/wp\/v2\/media?parent=25731"}],"curies":[{"name":"wp","href":"https:\/\/api.w.org\/{rel}","templated":true}]}}